{"id":1966,"date":"2021-05-26T15:17:22","date_gmt":"2021-05-26T15:17:22","guid":{"rendered":"https:\/\/almadanegreiros.uevora.pt\/a\/?page_id=1966"},"modified":"2025-04-26T19:40:39","modified_gmt":"2025-04-26T19:40:39","slug":"formacao-avancada","status":"publish","type":"page","link":"https:\/\/almadanegreiros.uevora.pt\/en\/formacao-avancada\/","title":{"rendered":"Advanced Training\/Others"},"content":{"rendered":"<p><\/p>\n\n\n\n<p><strong>PHD THESIS<\/strong><br>. <strong>Gl\u00e1ucia  Wanzeller Martins<\/strong>, &#8216;Arte e Qu\u00edmica: Uma caracteriza\u00e7\u00e3o transdisciplinar no estudo das obras a fresco e falso fresco de Gilda Neuberger (1911-2011).. Programa Doutoral em Qu\u00edmica (c\u00f3d.727). Universidade de \u00c9vora, Portugal<br>Duration: Sept 2021 - present<br><br><\/p>\n\n\n\n<p><strong>MASTER THESIS<\/strong><\/p>\n\n\n\n<p>. <strong>Bruna Filipe Assun\u00e7\u00e3o Godinho<\/strong>, Editorial Design Layout for Research Projects: ALMADA Project&#8217;. Mestrado em Design. Universidade de \u00c9vora, Portugal. Ano 2025 [Em curso]<\/p>\n\n\n\n<p><br>. <strong>Youssef Ismael<\/strong>, &#8216;It is all about the colours: an archeometric study of the pictorial materials used by Almada at the Maritime Station of Rocha do Conde de \u00d3bidos&#8217;. Programa <em>A<\/em>RCHMAT ERASMUS MASTER MUNDUS. Edi\u00e7\u00e3o 2021-2023. Universidade de \u00c9vora, Portugal. Dura\u00e7\u00e3o:1 Mar\u00e7o 2023 &#8211; presente <br><br>.<strong>Andrea Acevedo<\/strong>, &#8216;A deep Insight into the green deteriorated paint layers at the Maritime Station of Alc\u00e2ntara: An Archeometric study. Programa <em>A<\/em>RCHMAT ERASMUS MASTER MUNDUS. Edi\u00e7\u00e3o 2020-2022. Universidade de \u00c9vora, Portugal. Dura\u00e7\u00e3o: 1 Mar\u00e7o 2022 &#8211; 20 Dez 2022<br><br>. <strong>Keelie Rix<\/strong>, &#8216;Diagnostic\u00a0Survey\u00a0of\u00a0 Deteriorated Paint\u00a0Layers\u00a0at\u00a0the\u00a0Maritime\u00a0Station\u00a0of\u00a0Rocha\u00a0do\u00a0Conde\u00a0De\u00a0O\u0301bidos: a multi-analytical research&#8217;. Programa <em>A<\/em>RCHMAT ERASMUS MASTER MUNDUS. Edi\u00e7\u00e3o 2020-2022. Universidade de \u00c9vora, Portugal. Dura\u00e7\u00e3o:1 Mar\u00e7o 2022 &#8211; 20 Dez2022<br><br><br><strong>INTERNSHIPS<\/strong> <br>. <strong>Alice Vracken<\/strong>, Internship &#8211; Course H00B0B &#8211; Academic year 2021 \u2013 2022. Raymond Lemaire international centre for conservation, Belgium. 1 Out a 30 Nov 2021.<br>.<strong>Irene Sainz Escalona<\/strong>, internship ERASMUS +. Escuela de Arte y Superior de Conservaci\u00f3n y Restauraci\u00f3n de Bienes Culturales de Le\u00f3n, Spain.19 de Julho a 30 de Set 2021.<br>. <strong>Alexandre Miguel Mayorga Rodriguez<\/strong>, Internship- Multimedia 2\u00ba ano Escola Profissional da Regi\u00e3o do Alentejo, Portugal. 4 Fevereiro a 25 de Mar\u00e7o 2022.<br><br><br><strong>OTHER TRAINING ACTIVITIES<\/strong><\/p>\n\n\n\n<div class=\"wp-block-columns is-layout-flex wp-container-core-columns-is-layout-9d6595d7 wp-block-columns-is-layout-flex\">\n<div class=\"wp-block-column is-layout-flow wp-block-column-is-layout-flow\" style=\"flex-basis:100%\">\n<div class=\"wp-block-group alignwide\"><div class=\"wp-block-group__inner-container is-layout-flow wp-block-group-is-layout-flow\">\n<div class=\"wp-block-group alignwide\"><div class=\"wp-block-group__inner-container is-layout-flow wp-block-group-is-layout-flow\">\n<div class=\"wp-block-media-text alignwide is-stacked-on-mobile\" style=\"grid-template-columns:28% auto\"><figure class=\"wp-block-media-text__media\"><img loading=\"lazy\" decoding=\"async\" width=\"1920\" height=\"1080\" src=\"https:\/\/almadanegreiros.uevora.pt\/wp-content\/uploads\/2024\/07\/image-7.png\" alt=\"\" class=\"wp-image-7985 size-medium\" srcset=\"https:\/\/almadanegreiros.uevora.pt\/wp-content\/uploads\/2024\/07\/image-7.png 1920w, https:\/\/almadanegreiros.uevora.pt\/wp-content\/uploads\/2024\/07\/image-7-300x169.png 300w, https:\/\/almadanegreiros.uevora.pt\/wp-content\/uploads\/2024\/07\/image-7-768x432.png 768w, https:\/\/almadanegreiros.uevora.pt\/wp-content\/uploads\/2024\/07\/image-7-1536x864.png 1536w, https:\/\/almadanegreiros.uevora.pt\/wp-content\/uploads\/2024\/07\/image-7-18x10.png 18w\" sizes=\"auto, (max-width: 1920px) 100vw, 1920px\" \/><\/figure><div class=\"wp-block-media-text__content\">\n<p class=\"has-small-font-size\">4 July 2024 (1h): Mafalda Costa, 'X-ray diffraction techniques and their use in the study and conservation of cultural heritage assets'. Lecture as part of the ADELE-RS project's Advanced Skills in Cultural Heritage Projects, in e-learning format.<br><\/p>\n<\/div><\/div>\n\n\n\n<p><\/p>\n\n\n\n<div class=\"wp-block-media-text alignwide is-stacked-on-mobile\" style=\"grid-template-columns:28% auto\"><figure class=\"wp-block-media-text__media\"><img loading=\"lazy\" decoding=\"async\" width=\"2048\" height=\"1024\" src=\"https:\/\/almadanegreiros.uevora.pt\/wp-content\/uploads\/2024\/03\/432971429_122137579160118794_7668129851653017485_n-2048x1024.jpg\" alt=\"\" class=\"wp-image-7795 size-medium\" srcset=\"https:\/\/almadanegreiros.uevora.pt\/wp-content\/uploads\/2024\/03\/432971429_122137579160118794_7668129851653017485_n-2048x1024.jpg 2048w, https:\/\/almadanegreiros.uevora.pt\/wp-content\/uploads\/2024\/03\/432971429_122137579160118794_7668129851653017485_n-300x150.jpg 300w, https:\/\/almadanegreiros.uevora.pt\/wp-content\/uploads\/2024\/03\/432971429_122137579160118794_7668129851653017485_n-768x384.jpg 768w, https:\/\/almadanegreiros.uevora.pt\/wp-content\/uploads\/2024\/03\/432971429_122137579160118794_7668129851653017485_n-1536x768.jpg 1536w, https:\/\/almadanegreiros.uevora.pt\/wp-content\/uploads\/2024\/03\/432971429_122137579160118794_7668129851653017485_n-18x9.jpg 18w\" sizes=\"auto, (max-width: 2048px) 100vw, 2048px\" \/><\/figure><div class=\"wp-block-media-text__content\">\n<p class=\"has-small-font-size\">4 de Abril 2024 (1h30): Mariana Pintos dos Santos e Milene Gil, &#8216;Almada Negreiros: uma abordagem transversal entre hist\u00f3ria da Arte e ci\u00eancias do patrim\u00f3nio&#8217;. Uma palestra integrada no ciclo Doutoral do laborat\u00f3rio associado IN2Past.<br><\/p>\n<\/div><\/div>\n\n\n\n<p><\/p>\n\n\n\n<div class=\"wp-block-media-text alignwide is-stacked-on-mobile\" style=\"grid-template-columns:28% auto\"><figure class=\"wp-block-media-text__media\"><img loading=\"lazy\" decoding=\"async\" width=\"1600\" height=\"1200\" src=\"https:\/\/almadanegreiros.uevora.pt\/wp-content\/uploads\/2024\/03\/IMG-20240314-WA0004-1.jpg\" alt=\"\" class=\"wp-image-7765 size-medium\" srcset=\"https:\/\/almadanegreiros.uevora.pt\/wp-content\/uploads\/2024\/03\/IMG-20240314-WA0004-1.jpg 1600w, https:\/\/almadanegreiros.uevora.pt\/wp-content\/uploads\/2024\/03\/IMG-20240314-WA0004-1-300x225.jpg 300w, https:\/\/almadanegreiros.uevora.pt\/wp-content\/uploads\/2024\/03\/IMG-20240314-WA0004-1-768x576.jpg 768w, https:\/\/almadanegreiros.uevora.pt\/wp-content\/uploads\/2024\/03\/IMG-20240314-WA0004-1-1536x1152.jpg 1536w, https:\/\/almadanegreiros.uevora.pt\/wp-content\/uploads\/2024\/03\/IMG-20240314-WA0004-1-16x12.jpg 16w\" sizes=\"auto, (max-width: 1600px) 100vw, 1600px\" \/><\/figure><div class=\"wp-block-media-text__content\">\n<p class=\"has-small-font-size\">13 Mar\u00e7o 2024 (30mn): Milene Gil, &#8216;Conhecer a arte da pintura mural de Almada Negreiros. Contributo das ci\u00eancias do patrim\u00f3nio para a hist\u00f3ria t\u00e9cnica da arte moderna e conserva\u00e7\u00e3o e restauro&#8217;. Uma palestra integrada no ciclo de forma\u00e7\u00e3o para professores do ensino b\u00e1sico e  secund\u00e1rio. Uma iniciativa conjunta do Plano Nacional das Artes, World Monuments Fund-Portugal e Administra\u00e7\u00e3o do Porto de Lisboa.<br><\/p>\n<\/div><\/div>\n\n\n\n<p><\/p>\n\n\n\n<div class=\"wp-block-media-text alignwide is-stacked-on-mobile\" style=\"grid-template-columns:28% auto\"><figure class=\"wp-block-media-text__media\"><img loading=\"lazy\" decoding=\"async\" width=\"748\" height=\"421\" src=\"https:\/\/almadanegreiros.uevora.pt\/wp-content\/uploads\/2024\/02\/20240206_161746-t.jpg\" alt=\"\" class=\"wp-image-7724 size-medium\" srcset=\"https:\/\/almadanegreiros.uevora.pt\/wp-content\/uploads\/2024\/02\/20240206_161746-t.jpg 748w, https:\/\/almadanegreiros.uevora.pt\/wp-content\/uploads\/2024\/02\/20240206_161746-t-300x169.jpg 300w, https:\/\/almadanegreiros.uevora.pt\/wp-content\/uploads\/2024\/02\/20240206_161746-t-18x10.jpg 18w\" sizes=\"auto, (max-width: 748px) 100vw, 748px\" \/><\/figure><div class=\"wp-block-media-text__content\">\n<p class=\"has-small-font-size\">6 Fevereiro 2024 (2h): Manuel Ribeiro, &#8216;Fotografar Almada Negreiros&#8217;. Uma palestra integrada no workshop Instrumentos de Investiga\u00e7\u00e3o \u2013 Patrim\u00f3nio, Fotografia e Arquivo. Uma iniciativa da Escola das Artes e Centro CHAIA da Universidade de \u00c9vora e C\u00e2mara Municipal de \u00c9vora.<\/p>\n<\/div><\/div>\n\n\n\n<p><\/p>\n\n\n\n<div class=\"wp-block-media-text alignwide is-stacked-on-mobile\" style=\"grid-template-columns:28% auto\"><figure class=\"wp-block-media-text__media\"><img loading=\"lazy\" decoding=\"async\" width=\"1890\" height=\"1182\" src=\"https:\/\/almadanegreiros.uevora.pt\/wp-content\/uploads\/2023\/12\/1701123973895a.jpg\" alt=\"\" class=\"wp-image-7566 size-medium\" srcset=\"https:\/\/almadanegreiros.uevora.pt\/wp-content\/uploads\/2023\/12\/1701123973895a.jpg 1890w, https:\/\/almadanegreiros.uevora.pt\/wp-content\/uploads\/2023\/12\/1701123973895a-300x188.jpg 300w, https:\/\/almadanegreiros.uevora.pt\/wp-content\/uploads\/2023\/12\/1701123973895a-768x480.jpg 768w, https:\/\/almadanegreiros.uevora.pt\/wp-content\/uploads\/2023\/12\/1701123973895a-1536x961.jpg 1536w, https:\/\/almadanegreiros.uevora.pt\/wp-content\/uploads\/2023\/12\/1701123973895a-18x12.jpg 18w\" sizes=\"auto, (max-width: 1890px) 100vw, 1890px\" \/><\/figure><div class=\"wp-block-media-text__content\">\n<p class=\"has-small-font-size translation-block\">November 28, 2023 (1h): Milene Gil, \u2018Do you know who this mural belongs to? Lecture given to secondary arts students at Escola Gabriel Pereira, \u00c9vora. Portugal. Activity integrated into Science and Technology Week 2023. An iniciative of program Ci\u00eancia Viva, Portugal.<\/p>\n<\/div><\/div>\n\n\n\n<p><\/p>\n\n\n\n<div class=\"wp-block-media-text alignwide is-stacked-on-mobile\" style=\"grid-template-columns:28% auto\"><figure class=\"wp-block-media-text__media\"><img loading=\"lazy\" decoding=\"async\" width=\"2048\" height=\"1147\" src=\"https:\/\/almadanegreiros.uevora.pt\/wp-content\/uploads\/2023\/10\/Imagem1-1-2048x1147.jpg\" alt=\"\" class=\"wp-image-7096 size-medium\" srcset=\"https:\/\/almadanegreiros.uevora.pt\/wp-content\/uploads\/2023\/10\/Imagem1-1-2048x1147.jpg 2048w, https:\/\/almadanegreiros.uevora.pt\/wp-content\/uploads\/2023\/10\/Imagem1-1-300x168.jpg 300w, https:\/\/almadanegreiros.uevora.pt\/wp-content\/uploads\/2023\/10\/Imagem1-1-768x430.jpg 768w, https:\/\/almadanegreiros.uevora.pt\/wp-content\/uploads\/2023\/10\/Imagem1-1-1536x860.jpg 1536w, https:\/\/almadanegreiros.uevora.pt\/wp-content\/uploads\/2023\/10\/Imagem1-1-18x10.jpg 18w\" sizes=\"auto, (max-width: 2048px) 100vw, 2048px\" \/><\/figure><div class=\"wp-block-media-text__content\">\n<p class=\"has-small-font-size\">0 July 2023 (1h): Milene Gil, \u2018Almada Negreiros under the microscope. Technical and material studies of modern mural paintings for technical art history and conservation\u2019. Lecture given via zoom for project ADELE-RS Advanced E-Learning for Cultural Heritage Restorers specialization. Training modules hosted by ADELE-RS Coordinating Institution, \u2018ARTE E FEDE\u2019, Gerace, Italy, 29 to 31 July 2023.<\/p>\n<\/div><\/div>\n\n\n\n<p><\/p>\n\n\n\n<div class=\"wp-block-media-text alignwide is-stacked-on-mobile\" style=\"grid-template-columns:28% auto\"><figure class=\"wp-block-media-text__media\"><img loading=\"lazy\" decoding=\"async\" width=\"300\" height=\"225\" src=\"https:\/\/almadanegreiros.uevora.pt\/wp-content\/uploads\/2022\/05\/20220523_162901-a-300x225.jpg\" alt=\"\" class=\"wp-image-4146 size-medium\" srcset=\"https:\/\/almadanegreiros.uevora.pt\/wp-content\/uploads\/2022\/05\/20220523_162901-a-300x225.jpg 300w, https:\/\/almadanegreiros.uevora.pt\/wp-content\/uploads\/2022\/05\/20220523_162901-a-768x575.jpg 768w, https:\/\/almadanegreiros.uevora.pt\/wp-content\/uploads\/2022\/05\/20220523_162901-a-16x12.jpg 16w, https:\/\/almadanegreiros.uevora.pt\/wp-content\/uploads\/2022\/05\/20220523_162901-a.jpg 1417w\" sizes=\"auto, (max-width: 300px) 100vw, 300px\" \/><\/figure><div class=\"wp-block-media-text__content\">\n<p class=\"has-small-font-size\">23 May 2022 (1h): Milene Gil,\u00a0\u2018Get to know the\u00a0 mural painting by Almada Negreiros\u2019. Lecture given at the Ant\u00f3nio Arroio School of Arts to 10th and 12th grade students. Lisbon, 23 May 2022.<\/p>\n<\/div><\/div>\n\n\n\n<p><\/p>\n\n\n\n<div class=\"wp-block-media-text alignwide is-stacked-on-mobile\" style=\"grid-template-columns:28% auto\"><figure class=\"wp-block-media-text__media\"><img loading=\"lazy\" decoding=\"async\" width=\"2048\" height=\"1430\" src=\"https:\/\/almadanegreiros.uevora.pt\/wp-content\/uploads\/2022\/06\/Imagem1-2048x1430.jpg\" alt=\"\" class=\"wp-image-4515 size-medium\" srcset=\"https:\/\/almadanegreiros.uevora.pt\/wp-content\/uploads\/2022\/06\/Imagem1-2048x1430.jpg 2048w, https:\/\/almadanegreiros.uevora.pt\/wp-content\/uploads\/2022\/06\/Imagem1-300x210.jpg 300w, https:\/\/almadanegreiros.uevora.pt\/wp-content\/uploads\/2022\/06\/Imagem1-768x536.jpg 768w, https:\/\/almadanegreiros.uevora.pt\/wp-content\/uploads\/2022\/06\/Imagem1-1536x1073.jpg 1536w, https:\/\/almadanegreiros.uevora.pt\/wp-content\/uploads\/2022\/06\/Imagem1-16x12.jpg 16w\" sizes=\"auto, (max-width: 2048px) 100vw, 2048px\" \/><\/figure><div class=\"wp-block-media-text__content\">\n<p class=\"has-small-font-size\">June 25, 2021 (1h): Milene Gil, \u2018The Technical and Material History of Portuguese Mural Painting and its importance: two case studies\u2019. Heritage talks. Free Course in Technical Art History, IHA-UL.<br>Program here: <a href=\"https:\/\/htarte.wordpress.com\/programa-actualizado\/\">https:\/\/htarte.wordpress.com\/programa-actualizado\/<\/a><\/p>\n<\/div><\/div>\n\n\n\n<p><\/p>\n\n\n\n<div class=\"wp-block-media-text alignwide is-stacked-on-mobile\" style=\"grid-template-columns:28% auto\"><figure class=\"wp-block-media-text__media\"><img loading=\"lazy\" decoding=\"async\" width=\"2048\" height=\"1235\" src=\"https:\/\/almadanegreiros.uevora.pt\/wp-content\/uploads\/2022\/06\/Imagem2-2048x1235.jpg\" alt=\"\" class=\"wp-image-4518 size-medium\" srcset=\"https:\/\/almadanegreiros.uevora.pt\/wp-content\/uploads\/2022\/06\/Imagem2-2048x1235.jpg 2048w, https:\/\/almadanegreiros.uevora.pt\/wp-content\/uploads\/2022\/06\/Imagem2-300x181.jpg 300w, https:\/\/almadanegreiros.uevora.pt\/wp-content\/uploads\/2022\/06\/Imagem2-768x463.jpg 768w, https:\/\/almadanegreiros.uevora.pt\/wp-content\/uploads\/2022\/06\/Imagem2-1536x926.jpg 1536w, https:\/\/almadanegreiros.uevora.pt\/wp-content\/uploads\/2022\/06\/Imagem2-16x10.jpg 16w\" sizes=\"auto, (max-width: 2048px) 100vw, 2048px\" \/><\/figure><div class=\"wp-block-media-text__content\">\n<p class=\"has-small-font-size\">Nov 30, 2021 (1h): Milene Gil, 'PRESENTATION OF PROJECT THE UNVEILING OF THE ART OF THE MURAL PAINTING OF ALMADA NEGREIROS (1938-1956)'. Discipline&nbsp;<strong>Orientation Seminar<\/strong>. 1st semester of the 2nd year of the Master's Degree in Conservation, Restoration and Prod. of Contemporary Art at the Faculty of Fine Arts of the University of Lisbon (FBAUL).<\/p>\n<\/div><\/div>\n\n\n\n<p><\/p>\n\n\n\n<div class=\"wp-block-media-text alignwide is-stacked-on-mobile\" style=\"grid-template-columns:28% auto\"><figure class=\"wp-block-media-text__media\"><img loading=\"lazy\" decoding=\"async\" width=\"2000\" height=\"1488\" src=\"https:\/\/almadanegreiros.uevora.pt\/wp-content\/uploads\/2022\/05\/261984151_376832777568014_2093652985010518845_n.jpg\" alt=\"\" class=\"wp-image-4011 size-medium\" srcset=\"https:\/\/almadanegreiros.uevora.pt\/wp-content\/uploads\/2022\/05\/261984151_376832777568014_2093652985010518845_n.jpg 2000w, https:\/\/almadanegreiros.uevora.pt\/wp-content\/uploads\/2022\/05\/261984151_376832777568014_2093652985010518845_n-300x223.jpg 300w, https:\/\/almadanegreiros.uevora.pt\/wp-content\/uploads\/2022\/05\/261984151_376832777568014_2093652985010518845_n-768x571.jpg 768w, https:\/\/almadanegreiros.uevora.pt\/wp-content\/uploads\/2022\/05\/261984151_376832777568014_2093652985010518845_n-1536x1143.jpg 1536w, https:\/\/almadanegreiros.uevora.pt\/wp-content\/uploads\/2022\/05\/261984151_376832777568014_2093652985010518845_n-16x12.jpg 16w\" sizes=\"auto, (max-width: 2000px) 100vw, 2000px\" \/><\/figure><div class=\"wp-block-media-text__content\">\n<p class=\"has-small-font-size\">Day 2 Dec 2021 (1h): Milene Gil, \u2018Discovering the color materials of Almada Negreiros (Phase 1)\u2019. Projeto Cientificamente Prov\u00e1vel. An initiative of Andr\u00e9 de Gouveia School and the University of \u00c9vora. 10th and 12th grade students.<br><a rel=\"noreferrer noopener\" href=\"https:\/\/www.facebook.com\/biblioteca.esag\/\" target=\"_blank\">https:\/\/www.facebook.com\/biblioteca.esag\/<\/a><br>[<a href=\"https:\/\/almadanegreiros.uevora.pt\/en\/galeria\/#2dez2021\">photos<\/a>]<\/p>\n<\/div><\/div>\n<\/div><\/div>\n<\/div><\/div>\n<\/div>\n<\/div>\n\n\n\n<p><br><br><br><\/p>\n\n\n\n<p><\/p>\n\n\n\n<p><br><br><\/p>\n\n\n\n<p><\/p>\n\n\n\n<p><\/p>\n\n\n\n<p><\/p>\n\n\n\n<p><\/p>\n\n\n\n<p><\/p>\n\n\n\n<p> <br> <br> <br> <br> <br> <br> <\/p>","protected":false},"excerpt":{"rendered":"<p>DOUTORAMENTOS. Gl\u00e1ucia Wanzeller Martins, &#8216;Arte e Qu\u00edmica: Uma caracteriza\u00e7\u00e3o transdisciplinar no estudo das obras a fresco e falso fresco de Gilda Neuberger (1911-2011).. Programa Doutoral em Qu\u00edmica (c\u00f3d.727). Universidade de \u00c9vora, PortugalDura\u00e7\u00e3o: Set 2021 &#8211; presente MESTRADOS . Bruna Filipe Assun\u00e7\u00e3o Godinho, Editorial Design Layout for Research Projects: ALMADA Project&#8217;&#8230;.<\/p>","protected":false},"author":1,"featured_media":0,"parent":0,"menu_order":0,"comment_status":"closed","ping_status":"closed","template":"","meta":{"footnotes":""},"class_list":["post-1966","page","type-page","status-publish","hentry"],"_links":{"self":[{"href":"https:\/\/almadanegreiros.uevora.pt\/en\/wp-json\/wp\/v2\/pages\/1966","targetHints":{"allow":["GET"]}}],"collection":[{"href":"https:\/\/almadanegreiros.uevora.pt\/en\/wp-json\/wp\/v2\/pages"}],"about":[{"href":"https:\/\/almadanegreiros.uevora.pt\/en\/wp-json\/wp\/v2\/types\/page"}],"author":[{"embeddable":true,"href":"https:\/\/almadanegreiros.uevora.pt\/en\/wp-json\/wp\/v2\/users\/1"}],"replies":[{"embeddable":true,"href":"https:\/\/almadanegreiros.uevora.pt\/en\/wp-json\/wp\/v2\/comments?post=1966"}],"version-history":[{"count":60,"href":"https:\/\/almadanegreiros.uevora.pt\/en\/wp-json\/wp\/v2\/pages\/1966\/revisions"}],"predecessor-version":[{"id":8267,"href":"https:\/\/almadanegreiros.uevora.pt\/en\/wp-json\/wp\/v2\/pages\/1966\/revisions\/8267"}],"wp:attachment":[{"href":"https:\/\/almadanegreiros.uevora.pt\/en\/wp-json\/wp\/v2\/media?parent=1966"}],"curies":[{"name":"wp","href":"https:\/\/api.w.org\/{rel}","templated":true}]}}