{"id":4467,"date":"2022-06-10T22:16:49","date_gmt":"2022-06-10T22:16:49","guid":{"rendered":"https:\/\/almadanegreiros.uevora.pt\/?page_id=4467"},"modified":"2022-06-10T22:16:49","modified_gmt":"2022-06-10T22:16:49","slug":"resumo-e-nota-biografica-6","status":"publish","type":"page","link":"https:\/\/almadanegreiros.uevora.pt\/en\/resumo-e-nota-biografica-6\/","title":{"rendered":"Resumo e nota biogr\u00e1fica"},"content":{"rendered":"<p class=\"has-medium-font-size\"><em><strong>What about Spanish murals of the 20th century? Needs and opportunities.<\/strong><\/em><\/p>\n\n\n\n<p class=\"has-medium-font-size\">In this lecture, an overview of the production of murals in Spain during the 20th century is given, relating the type of works carried out with the political and socioeconomic events that conditioned their characteristics and their durability. We will see how many of them were lost and forgotten without the appreciation they demand. There are many studies to be done from which we can learn a lot about our identity and our more recent history, as well as how artists in our field have reinterpreted traditional mural techniques and introduced new industrial materials into art. The combination of interest, the collection of documents from the artist's immediate environment and the use of current analytical and diagnostic techniques will allow us to approach the conservation and restoration processes in the safest conditions to preserve such a significant heritage.<\/p>\n\n\n\n<p class=\"has-medium-font-size\"><\/p>\n\n\n\n<p class=\"has-medium-font-size\"><strong>Mercedes Sanch\u00e9z Pons <\/strong>362 \/ 5 000\nResultados da tradu\u00e7\u00e3o\nShe holds a PhD from the Universitat Polit\u00e9cnica de Valencia (2002, Program for the Conservation and Restoration of Cultural Heritage). Since 2003, she has been a professor at the Department of Conservation and Restoration of Cultural Heritage at the UPV in degrees and masters, where she has taught since 2006 the conservation and restoration of mural paintings, namely contemporary murals and urban art.<\/p>\n\n\n\n<p class=\"has-medium-font-size\">She is member of the research group \n\u201cWorkshop on Analysis and Intervention in Mural Paintings\u201d do Instituto Universitario de Restauraci\u00f3n del Patrimonio da UPV e pertence ao Micro-Research Cluster (MCI) \u201cGlobalization, Tourism and Heritage\u201d do International Campus de Excel\u00eancia VLC\/CAMPUS. Ela tamb\u00e9m \u00e9 membro do grupo \u201cArte Urbana e P\u00fablica\u201d do Ge-IIC. Dirigiu e esteve envolvida em in\u00fameros projetos de investiga\u00e7\u00e3o, cataloga\u00e7\u00e3o e interven\u00e7\u00e3o, sobre pinturas murais nacionais e internacionais. Entre os mais recentes, o restauro dos murais da igreja de San Nicol\u00e1s em Val\u00eancia e o Projeto Europeu Ewaglos: gloss\u00e1rio ilustrado europeu de termos de conserva\u00e7\u00e3o para pintura mural e superf\u00edcies arquitet\u00f4nicas. Ela tamb\u00e9m \u00e9 coeditora e autora do volume Conservation Issues in Modern and Contemporary Murals (Cambridge Scholars Publishing, 2015).\n\u00c9 membro do grupo de pesquisa \u201cWorkshop on Analysis and Intervention in Mural Paintings\u201d do Instituto Universitario de Restauraci\u00f3n del Patrimonio da UPV e pertence ao Micro-Research Cluster (MCI) \u201cGlobalization, Tourism and Heritage\u201d do International Campus de Excel\u00eancia VLC\/CAMPUS. Ela tamb\u00e9m \u00e9 membro do grupo \u201cArte Urbana e P\u00fablica\u201d do Ge-IIC.\n839 \/ 5 000\nResultados da tradu\u00e7\u00e3o\nHe is a member of the research group \u201cWorkshop on Analysis and Intervention in Mural Paintings\u201d of the Instituto Universitario de Restauraci\u00f3n del Patrimonio of the UPV and belongs to the Micro-Research Cluster (MCI) \u201cGlobalization, Tourism and Heritage\u201d of the International Campus of Excellence VLC\/CAMPUS . She is also a member of Ge-IIC's \u201cUrban and Public Art\u201d group. She has directed and been involved in numerous research, cataloging and intervention projects on national and international mural paintings. Among the most recent, the restoration of the murals of the church of San Nicol\u00e1s in Valencia and the European Project Ewaglos: European illustrated glossary of conservation terms for mural painting and architectural surfaces. She is also co-editor and author of the volume Conservation Issues in Modern and Contemporary Murals (Cambridge Scholars Publishing, 2015).<\/p>","protected":false},"excerpt":{"rendered":"<p>What about Spanish murals of the 20th century? Needs and opportunities. Nesta palestra \u00e9 dada uma vis\u00e3o da produ\u00e7\u00e3o de murais na Espanha durante o s\u00e9culo XX, relacionando o tipo de obras realizadas com os acontecimentos pol\u00edticos e socioecon\u00f4micos que condicionaram suas caracter\u00edsticas e sua durabilidade. Veremos quantos deles foram&#8230;<\/p>","protected":false},"author":10,"featured_media":0,"parent":0,"menu_order":0,"comment_status":"closed","ping_status":"closed","template":"","meta":{"footnotes":""},"class_list":["post-4467","page","type-page","status-publish","hentry"],"_links":{"self":[{"href":"https:\/\/almadanegreiros.uevora.pt\/en\/wp-json\/wp\/v2\/pages\/4467","targetHints":{"allow":["GET"]}}],"collection":[{"href":"https:\/\/almadanegreiros.uevora.pt\/en\/wp-json\/wp\/v2\/pages"}],"about":[{"href":"https:\/\/almadanegreiros.uevora.pt\/en\/wp-json\/wp\/v2\/types\/page"}],"author":[{"embeddable":true,"href":"https:\/\/almadanegreiros.uevora.pt\/en\/wp-json\/wp\/v2\/users\/10"}],"replies":[{"embeddable":true,"href":"https:\/\/almadanegreiros.uevora.pt\/en\/wp-json\/wp\/v2\/comments?post=4467"}],"version-history":[{"count":1,"href":"https:\/\/almadanegreiros.uevora.pt\/en\/wp-json\/wp\/v2\/pages\/4467\/revisions"}],"predecessor-version":[{"id":4470,"href":"https:\/\/almadanegreiros.uevora.pt\/en\/wp-json\/wp\/v2\/pages\/4467\/revisions\/4470"}],"wp:attachment":[{"href":"https:\/\/almadanegreiros.uevora.pt\/en\/wp-json\/wp\/v2\/media?parent=4467"}],"curies":[{"name":"wp","href":"https:\/\/api.w.org\/{rel}","templated":true}]}}